{"id":1013,"date":"2019-03-12T09:51:47","date_gmt":"2019-03-12T08:51:47","guid":{"rendered":"https:\/\/www.fliegenderollis.com\/strona-glowna\/"},"modified":"2025-09-03T10:19:57","modified_gmt":"2025-09-03T08:19:57","slug":"strona-glowna","status":"publish","type":"page","link":"https:\/\/www.fliegenderollis.com\/pl\/","title":{"rendered":"Strona g\u0142\u00f3wna"},"content":{"rendered":"<p>[et_pb_section fb_built=&#8221;1&#8243; _builder_version=&#8221;4.16&#8243; background_enable_image=&#8221;off&#8221; custom_padding=&#8221;0px||0px||false|false&#8221; bottom_divider_style=&#8221;wave2&#8243; bottom_divider_color=&#8221;#FFFFFF&#8221; bottom_divider_arrangement=&#8221;above_content&#8221; global_colors_info=&#8221;{}&#8221;][et_pb_row _builder_version=&#8221;4.16&#8243; width=&#8221;100%&#8221; max_width=&#8221;100%&#8221; custom_padding=&#8221;0px||0px||false|false&#8221; global_colors_info=&#8221;{}&#8221;][et_pb_column type=&#8221;4_4&#8243; _builder_version=&#8221;4.16&#8243; custom_padding=&#8221;|||&#8221; global_colors_info=&#8221;{}&#8221; custom_padding__hover=&#8221;|||&#8221;][et_pb_slider _builder_version=&#8221;4.23.4&#8243; _module_preset=&#8221;default&#8221; auto=&#8221;on&#8221; global_colors_info=&#8221;{}&#8221;][et_pb_slide heading=&#8221;Fliegende Rollis &#8211; Agnieszka Meier e.K.&#8221; use_bg_overlay=&#8221;on&#8221; use_text_overlay=&#8221;off&#8221; _builder_version=&#8221;4.23.4&#8243; _module_preset=&#8221;default&#8221; header_level=&#8221;h1&#8243; header_font=&#8221;|600|||||||&#8221; background_color=&#8221;rgba(12,12,12,0.1)&#8221; background_enable_color=&#8221;on&#8221; background_image=&#8221;https:\/\/www.fliegenderollis.com\/wp-content\/uploads\/WhatsApp-Image-2022-06-24-at-10.14.48.jpeg&#8221; background_enable_image=&#8221;on&#8221; background_blend=&#8221;color&#8221; header_text_shadow_style=&#8221;preset1&#8243; body_text_shadow_style=&#8221;preset1&#8243; global_colors_info=&#8221;{}&#8221; sticky_transition=&#8221;on&#8221;]<\/p>\n<h2><em><strong><span>By\u0107 mobilnym &#8211; by\u0107 obecnym<\/span><\/strong><\/em><\/h2>\n<p>[\/et_pb_slide][\/et_pb_slider][\/et_pb_column][\/et_pb_row][\/et_pb_section][et_pb_section fb_built=&#8221;1&#8243; _builder_version=&#8221;4.16&#8243; _module_preset=&#8221;default&#8221; global_colors_info=&#8221;{}&#8221;][et_pb_row make_equal=&#8221;on&#8221; _builder_version=&#8221;4.23.1&#8243; _module_preset=&#8221;default&#8221; max_width=&#8221;40rem&#8221; global_colors_info=&#8221;{}&#8221;][et_pb_column type=&#8221;4_4&#8243; _builder_version=&#8221;4.16&#8243; _module_preset=&#8221;default&#8221; global_colors_info=&#8221;{}&#8221;][et_pb_image src=&#8221;https:\/\/www.fliegenderollis.com\/wp-content\/uploads\/agnieszka_02_02_2011_4_85.jpg&#8221; alt=&#8221;U\u015bmiechni\u0119ta osoba z ciemnymi w\u0142osami i okularami siedzi w nowoczesnym elektrycznym w\u00f3zku inwalidzkim i patrzy prosto w kamer\u0119. Ma na sobie fioletow\u0105 bluzk\u0119 i czarne spodnie, a jedn\u0105 r\u0119k\u0119 trzyma na brodzie. T\u0142em jest jednolity, jasny liliowy odcie\u0144.&#8221; title_text=&#8221;W\u0142a\u015bcicielka Agnieszka Meier na swoim w\u00f3zku inwalidzkim&#8221; _builder_version=&#8221;4.27.4&#8243; _module_preset=&#8221;default&#8221; hover_enabled=&#8221;0&#8243; global_colors_info=&#8221;{}&#8221; sticky_enabled=&#8221;0&#8243;][\/et_pb_image][et_pb_text _builder_version=&#8221;4.23.4&#8243; _module_preset=&#8221;default&#8221; text_font=&#8221;|600|||||||&#8221; text_text_color=&#8221;#000000&#8243; text_font_size=&#8221;21px&#8221; text_line_height=&#8221;1.9em&#8221; custom_margin=&#8221;1rem||||false|false&#8221; global_colors_info=&#8221;{}&#8221;]<\/p>\n<p>Zajmujemy si\u0119 przewozem os\u00f3b niepe\u0142nosprawnych od 01.02.2011. Dzi\u0119kujemy za lojalno\u015b\u0107 i cieszymy si\u0119, \u017ce mo\u017cemy Pa\u0144stwa nadal przewozi\u0107.<\/p>\n<p>[\/et_pb_text][et_pb_button button_url=&#8221;https:\/\/www.fliegenderollis.com\/kontakt\/&#8221; button_text=&#8221;Kontakt&#8221; button_alignment=&#8221;left&#8221; _builder_version=&#8221;4.23.1&#8243; _module_preset=&#8221;default&#8221; custom_button=&#8221;on&#8221; button_text_size=&#8221;1rem&#8221; button_text_color=&#8221;#FFFFFF&#8221; button_bg_color=&#8221;#731F1F&#8221; button_border_width=&#8221;0px&#8221; button_icon=&#8221;&#x3d;||divi||400&#8243; custom_margin=&#8221;1rem||||false|false&#8221; custom_margin_tablet=&#8221;10%||||false|false&#8221; custom_margin_phone=&#8221;&#8221; custom_margin_last_edited=&#8221;on|tablet&#8221; global_colors_info=&#8221;{}&#8221;][\/et_pb_button][\/et_pb_column][\/et_pb_row][\/et_pb_section]<\/p>\n","protected":false},"excerpt":{"rendered":"<p>By\u0107 mobilnym &#8211; by\u0107 obecnymZajmujemy si\u0119 przewozem os\u00f3b niepe\u0142nosprawnych od 01.02.2011. Dzi\u0119kujemy za lojalno\u015b\u0107 i cieszymy si\u0119, \u017ce mo\u017cemy Pa\u0144stwa nadal przewozi\u0107.<\/p>\n","protected":false},"author":1,"featured_media":0,"parent":0,"menu_order":10,"comment_status":"closed","ping_status":"closed","template":"","meta":{"_et_pb_use_builder":"on","_et_pb_old_content":"","_et_gb_content_width":"","footnotes":""},"class_list":["post-1013","page","type-page","status-publish","hentry"],"_links":{"self":[{"href":"https:\/\/www.fliegenderollis.com\/pl\/wp-json\/wp\/v2\/pages\/1013","targetHints":{"allow":["GET"]}}],"collection":[{"href":"https:\/\/www.fliegenderollis.com\/pl\/wp-json\/wp\/v2\/pages"}],"about":[{"href":"https:\/\/www.fliegenderollis.com\/pl\/wp-json\/wp\/v2\/types\/page"}],"author":[{"embeddable":true,"href":"https:\/\/www.fliegenderollis.com\/pl\/wp-json\/wp\/v2\/users\/1"}],"replies":[{"embeddable":true,"href":"https:\/\/www.fliegenderollis.com\/pl\/wp-json\/wp\/v2\/comments?post=1013"}],"version-history":[{"count":2,"href":"https:\/\/www.fliegenderollis.com\/pl\/wp-json\/wp\/v2\/pages\/1013\/revisions"}],"predecessor-version":[{"id":1018,"href":"https:\/\/www.fliegenderollis.com\/pl\/wp-json\/wp\/v2\/pages\/1013\/revisions\/1018"}],"wp:attachment":[{"href":"https:\/\/www.fliegenderollis.com\/pl\/wp-json\/wp\/v2\/media?parent=1013"}],"curies":[{"name":"wp","href":"https:\/\/api.w.org\/{rel}","templated":true}]}}