{"id":1014,"date":"2019-04-09T10:46:30","date_gmt":"2019-04-09T08:46:30","guid":{"rendered":"https:\/\/www.fliegenderollis.com\/kontakt\/"},"modified":"2025-09-03T10:19:57","modified_gmt":"2025-09-03T08:19:57","slug":"kontakt","status":"publish","type":"page","link":"https:\/\/www.fliegenderollis.com\/pl\/kontakt\/","title":{"rendered":"Kontakt"},"content":{"rendered":"<p>[et_pb_section fb_built=&#8221;1&#8243; _builder_version=&#8221;4.16&#8243; custom_padding=&#8221;||2px|||&#8221; global_colors_info=&#8221;{}&#8221;][et_pb_row _builder_version=&#8221;4.16&#8243; custom_margin=&#8221;0px||0px||false|false&#8221; custom_padding=&#8221;0px||0px||false|false&#8221; global_colors_info=&#8221;{}&#8221;][et_pb_column type=&#8221;4_4&#8243; _builder_version=&#8221;4.16&#8243; custom_padding=&#8221;|||&#8221; global_colors_info=&#8221;{}&#8221; custom_padding__hover=&#8221;|||&#8221;][et_pb_text _builder_version=&#8221;4.16&#8243; custom_padding=&#8221;||0px|||&#8221; global_colors_info=&#8221;{}&#8221;]<\/p>\n<h1>Kontakt<\/h1>\n<p>[\/et_pb_text][\/et_pb_column][\/et_pb_row][\/et_pb_section][et_pb_section fb_built=&#8221;1&#8243; _builder_version=&#8221;4.16&#8243; custom_padding=&#8221;17px|||||&#8221; global_colors_info=&#8221;{}&#8221;][et_pb_row column_structure=&#8221;1_2,1_2&#8243; use_custom_gutter=&#8221;on&#8221; gutter_width=&#8221;2&#8243; make_equal=&#8221;on&#8221; _builder_version=&#8221;4.16&#8243; custom_margin=&#8221;0px||0px||false|false&#8221; custom_padding=&#8221;0px||0px||false|false&#8221; global_colors_info=&#8221;{}&#8221;][et_pb_column type=&#8221;1_2&#8243; _builder_version=&#8221;4.16&#8243; custom_padding=&#8221;|||&#8221; global_colors_info=&#8221;{}&#8221; custom_padding__hover=&#8221;|||&#8221;][et_pb_code _builder_version=&#8221;4.23.1&#8243; _module_preset=&#8221;default&#8221; global_colors_info=&#8221;{}&#8221;]\n<div class=\"wpcf7 no-js\" id=\"wpcf7-f1053-o1\" lang=\"pl-PL\" dir=\"ltr\" data-wpcf7-id=\"1053\">\n<div class=\"screen-reader-response\"><p role=\"status\" aria-live=\"polite\" aria-atomic=\"true\"><\/p> <ul><\/ul><\/div>\n<form action=\"\/pl\/wp-json\/wp\/v2\/pages\/1014#wpcf7-f1053-o1\" method=\"post\" class=\"wpcf7-form init\" aria-label=\"Formularz kontaktowy\" novalidate=\"novalidate\" data-status=\"init\">\n<fieldset class=\"hidden-fields-container\"><input type=\"hidden\" name=\"_wpcf7\" value=\"1053\" \/><input type=\"hidden\" name=\"_wpcf7_version\" value=\"6.1.5\" \/><input type=\"hidden\" name=\"_wpcf7_locale\" value=\"pl_PL\" \/><input type=\"hidden\" name=\"_wpcf7_unit_tag\" value=\"wpcf7-f1053-o1\" \/><input type=\"hidden\" name=\"_wpcf7_container_post\" value=\"0\" \/><input type=\"hidden\" name=\"_wpcf7_posted_data_hash\" value=\"\" \/>\n<\/fieldset>\n<div class=\"wps-form\">\n\t<div class=\"wps-form-row\">\n\t\t<div>\n\t\t\t<p><label class=\"sr-only\" for=\"your-name\">Nazwa<\/label><br \/>\n<span class=\"wpcf7-form-control-wrap\" data-name=\"your-name\"><input size=\"40\" maxlength=\"400\" class=\"wpcf7-form-control wpcf7-text\" id=\"your-name\" aria-invalid=\"false\" value=\"Nazwa\" type=\"text\" name=\"your-name\" \/><\/span>\n\t\t\t<\/p>\n\t\t<\/div>\n\t\t<div>\n\t\t\t<p><label class=\"sr-only\" for=\"email\">E-mail (pole obowi\u0105zkowe)<\/label><br \/>\n<span class=\"wpcf7-form-control-wrap\" data-name=\"e-mail\"><input size=\"40\" maxlength=\"400\" class=\"wpcf7-form-control wpcf7-email wpcf7-validates-as-required wpcf7-text wpcf7-validates-as-email\" id=\"email\" aria-required=\"true\" aria-invalid=\"false\" value=\"E-mail (pole obowi\u0105zkowe)\" type=\"email\" name=\"e-mail\" \/><\/span>\n\t\t\t<\/p>\n\t\t<\/div>\n\t<\/div>\n\t<p><label class=\"sr-only\" for=\"subject\">Przedmiot<\/label><br \/>\n<span class=\"wpcf7-form-control-wrap\" data-name=\"subject\"><input size=\"40\" maxlength=\"400\" class=\"wpcf7-form-control wpcf7-text\" id=\"subject\" aria-invalid=\"false\" value=\"Przedmiot\" type=\"text\" name=\"subject\" \/><\/span>\n\t<\/p>\n\t<p><label class=\"sr-only\" for=\"message\">Twoja wiadomo\u015b\u0107<\/label><br \/>\n<span class=\"wpcf7-form-control-wrap\" data-name=\"message\"><textarea cols=\"40\" rows=\"10\" maxlength=\"2000\" class=\"wpcf7-form-control wpcf7-textarea\" id=\"message\" aria-invalid=\"false\" name=\"message\">Twoja wiadomo\u015b\u0107<\/textarea><\/span>\n\t<\/p>\n\t<div class=\"ds-box\">\n\t\t<p class=\"datenschutz\"><br \/>\n<strong>Prywatno\u015b\u0107<\/strong><br \/>\n<span class=\"wpcf7-form-control-wrap\" data-name=\"acceptance-privacy-policy\"><span class=\"wpcf7-form-control wpcf7-acceptance\"><span class=\"wpcf7-list-item\"><label><input type=\"checkbox\" name=\"acceptance-privacy-policy\" value=\"1\" aria-invalid=\"false\" \/><span class=\"wpcf7-list-item-label\">Wyra\u017cam zgod\u0119 na gromadzenie i przetwarzanie moich danych z formularza kontaktowego w celu udzielenia przez\n odpowiedzi na moje zapytanie. Dane b\u0119d\u0105 przechowywane przez 10 lat lub\n usuni\u0119te na \u017c\u0105danie.\n Uwaga: Zgod\u0119 mo\u017cna wycofa\u0107 w dowolnym momencie w przysz\u0142o\u015bci, wysy\u0142aj\u0105c wiadomo\u015b\u0107 e-mail. Szczeg\u00f3\u0142owe\n informacje na temat przetwarzania danych u\u017cytkownika mo\u017cna znale\u017a\u0107 w naszej <ahref=\"\/datenschutz\/\">polityce prywatno\u015bci<\/a>.<\/span><\/label><\/span><\/span><\/span>\n\t\t<\/p>\n\t<\/div>\n\t<p><input class=\"wpcf7-form-control wpcf7-submit has-spinner\" type=\"submit\" value=\"Senden\" \/>\n\t<\/p>\n<\/div><div class=\"wpcf7-response-output\" aria-hidden=\"true\"><\/div>\n<\/form>\n<\/div>\n[\/et_pb_code][\/et_pb_column][et_pb_column type=&#8221;1_2&#8243; _builder_version=&#8221;4.16&#8243; custom_padding=&#8221;|||&#8221; global_colors_info=&#8221;{}&#8221; custom_padding__hover=&#8221;|||&#8221;][et_pb_text _builder_version=&#8221;4.23.4&#8243; text_text_color=&#8221;#000000&#8243; text_font_size=&#8221;20px&#8221; link_text_color=&#8221;#000000&#8243; custom_margin_tablet=&#8221;10%||||false|false&#8221; custom_margin_phone=&#8221;&#8221; custom_margin_last_edited=&#8221;on|tablet&#8221; hover_enabled=&#8221;0&#8243; global_colors_info=&#8221;{}&#8221; link_text_color__hover_enabled=&#8221;on|hover&#8221; link_text_color__hover=&#8221;#FF2B2B&#8221; sticky_enabled=&#8221;0&#8243;]<strong>Dyrektor zarz\u0105dzaj\u0105cy:<\/strong><br \/>\n<strong>Agnieszka Meier<\/strong><\/p>\n<p>Fliegende Rollis Agnieszka Meier e.K.<\/p>\n<p>Reclamstr. 15A<br \/>\n22111 Hamburg <\/p>\n<p>Telefon: 040\/55 44 84 88<br \/>\nTelefon kom\u00f3rkowy: 01 76 76 97 39 14<\/p>\n<p>E-mail: <a href=\"mailto:info@fliegenderollis.com\">info@fliegenderollis.com<\/a>[\/et_pb_text][\/et_pb_column][\/et_pb_row][\/et_pb_section]<\/p>\n","protected":false},"excerpt":{"rendered":"<p>Kontakt\n<div class=\"wpcf7 no-js\" id=\"wpcf7-f1053-o2\" lang=\"pl-PL\" dir=\"ltr\" data-wpcf7-id=\"1053\">\n<div class=\"screen-reader-response\"><p role=\"status\" aria-live=\"polite\" aria-atomic=\"true\"><\/p> <ul><\/ul><\/div>\n<form action=\"\/pl\/wp-json\/wp\/v2\/pages\/1014#wpcf7-f1053-o2\" method=\"post\" class=\"wpcf7-form init\" aria-label=\"Formularz kontaktowy\" novalidate=\"novalidate\" data-status=\"init\">\n<fieldset class=\"hidden-fields-container\"><input type=\"hidden\" name=\"_wpcf7\" value=\"1053\" \/><input type=\"hidden\" name=\"_wpcf7_version\" value=\"6.1.5\" \/><input type=\"hidden\" name=\"_wpcf7_locale\" value=\"pl_PL\" \/><input type=\"hidden\" name=\"_wpcf7_unit_tag\" value=\"wpcf7-f1053-o2\" \/><input type=\"hidden\" name=\"_wpcf7_container_post\" value=\"0\" \/><input type=\"hidden\" name=\"_wpcf7_posted_data_hash\" value=\"\" \/>\n<\/fieldset>\n<div class=\"wps-form\">\n\t<div class=\"wps-form-row\">\n\t\t<div>\n\t\t\t<p><label class=\"sr-only\" for=\"your-name\">Nazwa<\/label><br \/>\n<span class=\"wpcf7-form-control-wrap\" data-name=\"your-name\"><input size=\"40\" maxlength=\"400\" class=\"wpcf7-form-control wpcf7-text\" aria-invalid=\"false\" value=\"Nazwa\" type=\"text\" name=\"your-name\" \/><\/span>\n\t\t\t<\/p>\n\t\t<\/div>\n\t\t<div>\n\t\t\t<p><label class=\"sr-only\" for=\"email\">E-mail (pole obowi\u0105zkowe)<\/label><br \/>\n<span class=\"wpcf7-form-control-wrap\" data-name=\"e-mail\"><input size=\"40\" maxlength=\"400\" class=\"wpcf7-form-control wpcf7-email wpcf7-validates-as-required wpcf7-text wpcf7-validates-as-email\" aria-required=\"true\" aria-invalid=\"false\" value=\"E-mail (pole obowi\u0105zkowe)\" type=\"email\" name=\"e-mail\" \/><\/span>\n\t\t\t<\/p>\n\t\t<\/div>\n\t<\/div>\n\t<p><label class=\"sr-only\" for=\"subject\">Przedmiot<\/label><br \/>\n<span class=\"wpcf7-form-control-wrap\" data-name=\"subject\"><input size=\"40\" maxlength=\"400\" class=\"wpcf7-form-control wpcf7-text\" aria-invalid=\"false\" value=\"Przedmiot\" type=\"text\" name=\"subject\" \/><\/span>\n\t<\/p>\n\t<p><label class=\"sr-only\" for=\"message\">Twoja wiadomo\u015b\u0107<\/label><br \/>\n<span class=\"wpcf7-form-control-wrap\" data-name=\"message\"><textarea cols=\"40\" rows=\"10\" maxlength=\"2000\" class=\"wpcf7-form-control wpcf7-textarea\" aria-invalid=\"false\" name=\"message\">Twoja wiadomo\u015b\u0107<\/textarea><\/span>\n\t<\/p>\n\t<div class=\"ds-box\">\n\t\t<p class=\"datenschutz\"><br \/>\n<strong>Prywatno\u015b\u0107<\/strong><br \/>\n<span class=\"wpcf7-form-control-wrap\" data-name=\"acceptance-privacy-policy\"><span class=\"wpcf7-form-control wpcf7-acceptance\"><span class=\"wpcf7-list-item\"><label><input type=\"checkbox\" name=\"acceptance-privacy-policy\" value=\"1\" aria-invalid=\"false\" \/><span class=\"wpcf7-list-item-label\">Wyra\u017cam zgod\u0119 na gromadzenie i przetwarzanie moich danych z formularza kontaktowego w celu udzielenia przez\n odpowiedzi na moje zapytanie. Dane b\u0119d\u0105 przechowywane przez 10 lat lub\n usuni\u0119te na \u017c\u0105danie.\n Uwaga: Zgod\u0119 mo\u017cna wycofa\u0107 w dowolnym momencie w przysz\u0142o\u015bci, wysy\u0142aj\u0105c wiadomo\u015b\u0107 e-mail. Szczeg\u00f3\u0142owe\n informacje na temat przetwarzania danych u\u017cytkownika mo\u017cna znale\u017a\u0107 w naszej <ahref=\"\/datenschutz\/\">polityce prywatno\u015bci<\/a>.<\/span><\/label><\/span><\/span><\/span>\n\t\t<\/p>\n\t<\/div>\n\t<p><input class=\"wpcf7-form-control wpcf7-submit has-spinner\" type=\"submit\" value=\"Senden\" \/>\n\t<\/p>\n<\/div><div class=\"wpcf7-response-output\" aria-hidden=\"true\"><\/div>\n<\/form>\n<\/div>\nDyrektor zarz\u0105dzaj\u0105cy: Agnieszka Meier Fliegende Rollis Agnieszka Meier e.K. Reclamstr. 15A 22111 Hamburg Telefon: 040\/55 44 84 88 Telefon kom\u00f3rkowy: 01 76 76 97 39 14 E-mail: info@fliegenderollis.com<\/p>\n","protected":false},"author":1,"featured_media":0,"parent":0,"menu_order":900,"comment_status":"closed","ping_status":"closed","template":"","meta":{"_et_pb_use_builder":"on","_et_pb_old_content":"","_et_gb_content_width":"","footnotes":""},"class_list":["post-1014","page","type-page","status-publish","hentry"],"_links":{"self":[{"href":"https:\/\/www.fliegenderollis.com\/pl\/wp-json\/wp\/v2\/pages\/1014","targetHints":{"allow":["GET"]}}],"collection":[{"href":"https:\/\/www.fliegenderollis.com\/pl\/wp-json\/wp\/v2\/pages"}],"about":[{"href":"https:\/\/www.fliegenderollis.com\/pl\/wp-json\/wp\/v2\/types\/page"}],"author":[{"embeddable":true,"href":"https:\/\/www.fliegenderollis.com\/pl\/wp-json\/wp\/v2\/users\/1"}],"replies":[{"embeddable":true,"href":"https:\/\/www.fliegenderollis.com\/pl\/wp-json\/wp\/v2\/comments?post=1014"}],"version-history":[{"count":2,"href":"https:\/\/www.fliegenderollis.com\/pl\/wp-json\/wp\/v2\/pages\/1014\/revisions"}],"predecessor-version":[{"id":1020,"href":"https:\/\/www.fliegenderollis.com\/pl\/wp-json\/wp\/v2\/pages\/1014\/revisions\/1020"}],"wp:attachment":[{"href":"https:\/\/www.fliegenderollis.com\/pl\/wp-json\/wp\/v2\/media?parent=1014"}],"curies":[{"name":"wp","href":"https:\/\/api.w.org\/{rel}","templated":true}]}}