{"id":1027,"date":"2021-09-16T12:03:24","date_gmt":"2021-09-16T10:03:24","guid":{"rendered":"https:\/\/www.fliegenderollis.com\/nasze-uslugi\/"},"modified":"2025-09-03T10:20:13","modified_gmt":"2025-09-03T08:20:13","slug":"nasze-uslugi","status":"publish","type":"page","link":"https:\/\/www.fliegenderollis.com\/pl\/nasze-uslugi\/","title":{"rendered":"Nasze us\u0142ugi"},"content":{"rendered":"<p>[et_pb_section fb_built=&#8221;1&#8243; _builder_version=&#8221;4.16&#8243; background_enable_image=&#8221;off&#8221; custom_padding=&#8221;0px||0px||false|false&#8221; bottom_divider_style=&#8221;wave2&#8243; bottom_divider_color=&#8221;#FFFFFF&#8221; bottom_divider_arrangement=&#8221;above_content&#8221; locked=&#8221;off&#8221; global_colors_info=&#8221;{}&#8221;][et_pb_row _builder_version=&#8221;4.16&#8243; width=&#8221;100%&#8221; max_width=&#8221;100%&#8221; custom_padding=&#8221;0px||0px||false|false&#8221; global_colors_info=&#8221;{}&#8221;][et_pb_column type=&#8221;4_4&#8243; _builder_version=&#8221;4.16&#8243; custom_padding=&#8221;|||&#8221; global_colors_info=&#8221;{}&#8221; custom_padding__hover=&#8221;|||&#8221;][et_pb_slider _builder_version=&#8221;4.23.4&#8243; _module_preset=&#8221;default&#8221; auto=&#8221;on&#8221; hover_enabled=&#8221;0&#8243; global_colors_info=&#8221;{}&#8221; sticky_enabled=&#8221;0&#8243;][et_pb_slide heading=&#8221;Fliegende Rollis &#8211; Agnieszka Meier e.K.&#8221; use_bg_overlay=&#8221;on&#8221; use_text_overlay=&#8221;off&#8221; _builder_version=&#8221;4.23.4&#8243; _module_preset=&#8221;default&#8221; header_font=&#8221;|600|||||||&#8221; background_image=&#8221;https:\/\/www.fliegenderollis.com\/wp-content\/uploads\/WhatsApp-Image-2022-06-24-at-10.14.48.jpeg&#8221; background_enable_image=&#8221;on&#8221; hover_enabled=&#8221;0&#8243; header_text_shadow_style=&#8221;preset1&#8243; body_text_shadow_style=&#8221;preset1&#8243; global_colors_info=&#8221;{}&#8221; sticky_transition=&#8221;on&#8221; background_color=&#8221;rgba(0,0,0,0.1)&#8221; background_enable_color=&#8221;on&#8221; background_blend=&#8221;darken&#8221; sticky_enabled=&#8221;0&#8243;]<\/p>\n<h2><em><strong><span>By\u0107 mobilnym &#8211; by\u0107 obecnym<\/span><\/strong><\/em><\/h2>\n<p>[\/et_pb_slide][\/et_pb_slider][\/et_pb_column][\/et_pb_row][\/et_pb_section][et_pb_section fb_built=&#8221;1&#8243; _builder_version=&#8221;4.16&#8243; _module_preset=&#8221;default&#8221; global_colors_info=&#8221;{}&#8221;][et_pb_row _builder_version=&#8221;4.16&#8243; _module_preset=&#8221;default&#8221; global_colors_info=&#8221;{}&#8221;][et_pb_column type=&#8221;4_4&#8243; _builder_version=&#8221;4.16&#8243; _module_preset=&#8221;default&#8221; global_colors_info=&#8221;{}&#8221;][et_pb_text _builder_version=&#8221;4.16&#8243; _module_preset=&#8221;default&#8221; header_font=&#8221;|600|||||||&#8221; header_text_color=&#8221;#731F1F&#8221; header_font_size=&#8221;45px&#8221; border_width_bottom=&#8221;3px&#8221; border_color_bottom=&#8221;#731F1F&#8221; global_colors_info=&#8221;{}&#8221;]<\/p>\n<h1>Nasze us\u0142ugi<\/h1>\n<p>[\/et_pb_text][\/et_pb_column][\/et_pb_row][et_pb_row column_structure=&#8221;1_2,1_2&#8243; use_custom_gutter=&#8221;on&#8221; gutter_width=&#8221;3&#8243; make_equal=&#8221;on&#8221; _builder_version=&#8221;4.16&#8243; _module_preset=&#8221;default&#8221; global_colors_info=&#8221;{}&#8221;][et_pb_column type=&#8221;1_2&#8243; _builder_version=&#8221;4.16&#8243; _module_preset=&#8221;default&#8221; global_colors_info=&#8221;{}&#8221;][et_pb_text _builder_version=&#8221;4.23.4&#8243; _module_preset=&#8221;default&#8221; text_text_color=&#8221;#000000&#8243; text_font_size=&#8221;20px&#8221; global_colors_info=&#8221;{}&#8221;]<\/p>\n<p><strong>My: <\/strong><span><\/span><\/p>\n<p><span><br \/>przewozimy przede wszystkim<\/span> <span>naszych niepe\u0142nosprawnych (ale tak\u017ce &#8211; w kontek\u015bcie transportu os\u00f3b niepe\u0142nosprawnych &#8211; pe\u0142nosprawnych) pasa\u017cer\u00f3w na wszystkie okazje, takie jak:<br \/><\/span><\/p>\n<p><span><br \/>&#8211; Czas wolny<br \/><\/span><span>&#8211; Wycieczki firmowe<br \/>&#8211; Dojazdy do szko\u0142y<br \/><\/span><span>&#8211; Wizyty lekarskie *<br \/>&#8211; Przejazdy poza Hamburg**<\/span><\/p>\n<p><span>o ka\u017cdej porze, siedem dni w tygodniu, w Hamburgu i okolicach. <\/span><span> <\/span><\/p>\n<p>[\/et_pb_text][\/et_pb_column][et_pb_column type=&#8221;1_2&#8243; module_class=&#8221;vertical-align&#8221; _builder_version=&#8221;4.16&#8243; _module_preset=&#8221;default&#8221; global_colors_info=&#8221;{}&#8221;][et_pb_text _builder_version=&#8221;4.23.4&#8243; _module_preset=&#8221;default&#8221; text_text_color=&#8221;#000000&#8243; text_font_size=&#8221;20px&#8221; custom_margin=&#8221;||||false|false&#8221; global_colors_info=&#8221;{}&#8221;]<\/p>\n<p><span>* <strong>Przejazdy do lekarza<\/strong> mog\u0105 by\u0107 <strong>rozliczane z nami r\u00f3wnie\u017c na podstawie<br \/>skierowania na transport medyczny<\/strong>.<\/span><\/p>\n<p><span> <\/span><\/p>\n<p><strong><span>** Zapytania dotycz\u0105ce przejazd\u00f3w poza Hamburg s\u0105<br \/>rozpatrywane co tydzie\u0144 w poniedzia\u0142ki.<br \/><\/span><span><br \/><\/span><span>Bezp\u0142atne anulowanie rezerwacji przejazd\u00f3w poza<br \/>Hamburg mo\u017cliwe do 5 dni przed terminem przejazdu.<\/span><br \/><\/strong><\/p>\n<p>[\/et_pb_text][\/et_pb_column][\/et_pb_row][\/et_pb_section]<\/p>\n","protected":false},"excerpt":{"rendered":"<p>By\u0107 mobilnym &#8211; by\u0107 obecnymNasze us\u0142ugiMy: przewozimy przede wszystkim naszych niepe\u0142nosprawnych (ale tak\u017ce &#8211; w kontek\u015bcie transportu os\u00f3b niepe\u0142nosprawnych &#8211; pe\u0142nosprawnych) pasa\u017cer\u00f3w na wszystkie okazje, takie jak: &#8211; Czas wolny- Wycieczki firmowe- Dojazdy do szko\u0142y- Wizyty lekarskie *- Przejazdy poza Hamburg** o ka\u017cdej porze, siedem dni w tygodniu, w Hamburgu i okolicach. * Przejazdy do [&hellip;]<\/p>\n","protected":false},"author":1,"featured_media":0,"parent":0,"menu_order":0,"comment_status":"closed","ping_status":"closed","template":"","meta":{"_et_pb_use_builder":"on","_et_pb_old_content":"","_et_gb_content_width":"","footnotes":""},"class_list":["post-1027","page","type-page","status-publish","hentry"],"_links":{"self":[{"href":"https:\/\/www.fliegenderollis.com\/pl\/wp-json\/wp\/v2\/pages\/1027","targetHints":{"allow":["GET"]}}],"collection":[{"href":"https:\/\/www.fliegenderollis.com\/pl\/wp-json\/wp\/v2\/pages"}],"about":[{"href":"https:\/\/www.fliegenderollis.com\/pl\/wp-json\/wp\/v2\/types\/page"}],"author":[{"embeddable":true,"href":"https:\/\/www.fliegenderollis.com\/pl\/wp-json\/wp\/v2\/users\/1"}],"replies":[{"embeddable":true,"href":"https:\/\/www.fliegenderollis.com\/pl\/wp-json\/wp\/v2\/comments?post=1027"}],"version-history":[{"count":5,"href":"https:\/\/www.fliegenderollis.com\/pl\/wp-json\/wp\/v2\/pages\/1027\/revisions"}],"predecessor-version":[{"id":1032,"href":"https:\/\/www.fliegenderollis.com\/pl\/wp-json\/wp\/v2\/pages\/1027\/revisions\/1032"}],"wp:attachment":[{"href":"https:\/\/www.fliegenderollis.com\/pl\/wp-json\/wp\/v2\/media?parent=1027"}],"curies":[{"name":"wp","href":"https:\/\/api.w.org\/{rel}","templated":true}]}}