{"id":1041,"date":"2021-09-16T12:03:53","date_gmt":"2021-09-16T10:03:53","guid":{"rendered":"https:\/\/www.fliegenderollis.com\/oferty-pracy\/"},"modified":"2025-09-03T10:20:39","modified_gmt":"2025-09-03T08:20:39","slug":"oferty-pracy","status":"publish","type":"page","link":"https:\/\/www.fliegenderollis.com\/pl\/oferty-pracy\/","title":{"rendered":"Oferty pracy"},"content":{"rendered":"<p>[et_pb_section fb_built=&#8221;1&#8243; _builder_version=&#8221;4.16&#8243; background_enable_image=&#8221;off&#8221; custom_padding=&#8221;0px||0px||false|false&#8221; bottom_divider_style=&#8221;wave2&#8243; bottom_divider_color=&#8221;#FFFFFF&#8221; bottom_divider_arrangement=&#8221;above_content&#8221; locked=&#8221;off&#8221; global_colors_info=&#8221;{}&#8221;][et_pb_row _builder_version=&#8221;4.16&#8243; width=&#8221;100%&#8221; max_width=&#8221;100%&#8221; custom_padding=&#8221;0px||0px||false|false&#8221; global_colors_info=&#8221;{}&#8221;][et_pb_column type=&#8221;4_4&#8243; _builder_version=&#8221;4.16&#8243; custom_padding=&#8221;|||&#8221; global_colors_info=&#8221;{}&#8221; custom_padding__hover=&#8221;|||&#8221;][et_pb_slider _builder_version=&#8221;4.23.4&#8243; _module_preset=&#8221;default&#8221; auto=&#8221;on&#8221; hover_enabled=&#8221;0&#8243; global_colors_info=&#8221;{}&#8221; sticky_enabled=&#8221;0&#8243;][et_pb_slide heading=&#8221;Lataj\u0105ce W\u00f3zki &#8211; Agnieszka Meier e.K.&#8221; use_bg_overlay=&#8221;on&#8221; use_text_overlay=&#8221;off&#8221; _builder_version=&#8221;4.23.4&#8243; _module_preset=&#8221;default&#8221; header_font=&#8221;|600|||||||&#8221; background_image=&#8221;https:\/\/www.fliegenderollis.com\/wp-content\/uploads\/WhatsApp-Image-2022-06-24-at-10.14.48.jpeg&#8221; background_enable_image=&#8221;on&#8221; hover_enabled=&#8221;0&#8243; header_text_shadow_style=&#8221;preset1&#8243; body_text_shadow_style=&#8221;preset1&#8243; global_colors_info=&#8221;{}&#8221; sticky_transition=&#8221;on&#8221; background_color=&#8221;rgba(0,0,0,0.1)&#8221; background_enable_color=&#8221;on&#8221; background_blend=&#8221;darken&#8221; sticky_enabled=&#8221;0&#8243;]<\/p>\n<h2><em><strong><span>By\u0107 mobilnym &#8211; by\u0107 obecnym<\/span><\/strong><\/em><\/h2>\n<p>[\/et_pb_slide][\/et_pb_slider][\/et_pb_column][\/et_pb_row][\/et_pb_section][et_pb_section fb_built=&#8221;1&#8243; _builder_version=&#8221;4.16&#8243; _module_preset=&#8221;default&#8221; global_colors_info=&#8221;{}&#8221;][et_pb_row _builder_version=&#8221;4.16&#8243; _module_preset=&#8221;default&#8221; global_colors_info=&#8221;{}&#8221;][et_pb_column type=&#8221;4_4&#8243; _builder_version=&#8221;4.16&#8243; _module_preset=&#8221;default&#8221; global_colors_info=&#8221;{}&#8221;][et_pb_text _builder_version=&#8221;4.16&#8243; _module_preset=&#8221;default&#8221; header_font=&#8221;|600|||||||&#8221; header_text_color=&#8221;#731F1F&#8221; header_font_size=&#8221;45px&#8221; border_width_bottom=&#8221;3px&#8221; border_color_bottom=&#8221;#731F1F&#8221; global_colors_info=&#8221;{}&#8221;]<\/p>\n<h1>Oferty pracy<\/h1>\n<p>[\/et_pb_text][\/et_pb_column][\/et_pb_row][et_pb_row column_structure=&#8221;1_2,1_2&#8243; use_custom_gutter=&#8221;on&#8221; gutter_width=&#8221;3&#8243; make_equal=&#8221;on&#8221; _builder_version=&#8221;4.16&#8243; _module_preset=&#8221;default&#8221; global_colors_info=&#8221;{}&#8221;][et_pb_column type=&#8221;1_2&#8243; _builder_version=&#8221;4.16&#8243; _module_preset=&#8221;default&#8221; global_colors_info=&#8221;{}&#8221;][et_pb_text _builder_version=&#8221;4.23.4&#8243; _module_preset=&#8221;default&#8221; text_text_color=&#8221;#000000&#8243; text_font_size=&#8221;20px&#8221; global_colors_info=&#8221;{}&#8221;]<\/p>\n<p><span>W celu wzmocnienia naszego zespo\u0142u pos<\/span><span>zukujemy kierowc\u00f3w <\/span><span>do transportu os\u00f3b niepe\u0142nosprawnych i pe\u0142nosprawnych w Hamburgu i okolicach.<\/span><\/p>\n<p><span>Zatrudnienie na sta\u0142e<br \/><\/span><span><strong>w pe\u0142nym wymiarze, niepe\u0142nym wymiarze lub wed\u0142ug uzgodnie\u0144<\/strong><\/span><\/p>\n<p><span>Tw\u00f3j obszar dzia\u0142ania:<\/span><\/p>\n<p><span>Jednym z naszych pojazd\u00f3w (do 8 os\u00f3b) b\u0119dziesz realizowa\u0107 ustalone trasy.<\/span><\/p>\n<p><span>B\u0119dziesz pracowa\u0107 w transporcie os\u00f3b niepe\u0142nosprawnych oraz w niemedycznym transporcie pacjent\u00f3w, w tym os\u00f3b na w\u00f3zkach inwalidzkich.<\/span><\/p>\n<p><span>Do tej pracy wymagana jest <strong>licencja na przew\u00f3z os\u00f3b*<\/strong>. Do\u015bwiadczenie w tej dziedzinie jest mile widziane, ale nie jest wymagane. <\/span><\/p>\n<p>[\/et_pb_text][\/et_pb_column][et_pb_column type=&#8221;1_2&#8243; _builder_version=&#8221;4.16&#8243; _module_preset=&#8221;default&#8221; global_colors_info=&#8221;{}&#8221;][et_pb_text _builder_version=&#8221;4.23.4&#8243; _module_preset=&#8221;default&#8221; text_text_color=&#8221;#000000&#8243; text_font_size=&#8221;20px&#8221; global_colors_info=&#8221;{}&#8221;]<\/p>\n<p><strong><span>Tw\u00f3j profil:<\/span><\/strong><\/p>\n<p><span>\u2022 Prawo jazdy kat. B (dawniej kat. 3)<\/span><\/p>\n<p><span>\u2022 Licencja na przew\u00f3z os\u00f3b*<\/span><\/p>\n<p><span>\u2022 Nieskazitelna kartoteka policyjna<\/span><\/p>\n<p><span>\u2022 Wa\u017cne za\u015bwiadczenie o uko\u0144czeniu kursu pierwszej pomocy<\/span><\/p>\n<p><span>\u2022 Niezawodno\u015b\u0107, zaanga\u017cowanie i odpowiedzialno\u015b\u0107<\/span><\/p>\n<p><span>\u2022 Zadbany wygl\u0105d, profesjonalne podej\u015bcie do klienta i<br \/><\/span> pewno\u015b\u0107 siebie<\/p>\n<p><span>\u2022 Doskona\u0142a znajomo\u015b\u0107 j\u0119zyka niemieckiego \/ mile widziana znajomo\u015b\u0107 j\u0119zyk\u00f3w obcych<\/span><\/p>\n<p><span>\u2022 Dobra znajomo\u015b\u0107 Hamburga i okolic b\u0119dzie dodatkowym atutem <\/span><\/p>\n<p>[\/et_pb_text][\/et_pb_column][\/et_pb_row][et_pb_row _builder_version=&#8221;4.16&#8243; _module_preset=&#8221;default&#8221; global_colors_info=&#8221;{}&#8221;][et_pb_column type=&#8221;4_4&#8243; _builder_version=&#8221;4.16&#8243; _module_preset=&#8221;default&#8221; global_colors_info=&#8221;{}&#8221;][et_pb_divider color=&#8221;#731F1F&#8221; divider_weight=&#8221;3px&#8221; _builder_version=&#8221;4.16&#8243; _module_preset=&#8221;default&#8221; global_colors_info=&#8221;{}&#8221;][\/et_pb_divider][\/et_pb_column][\/et_pb_row][et_pb_row column_structure=&#8221;1_2,1_2&#8243; make_equal=&#8221;on&#8221; _builder_version=&#8221;4.16&#8243; _module_preset=&#8221;default&#8221; global_colors_info=&#8221;{}&#8221;][et_pb_column type=&#8221;1_2&#8243; _builder_version=&#8221;4.16&#8243; _module_preset=&#8221;default&#8221; global_colors_info=&#8221;{}&#8221;][et_pb_text _builder_version=&#8221;4.23.4&#8243; _module_preset=&#8221;default&#8221; text_text_color=&#8221;#000000&#8243; text_font_size=&#8221;20px&#8221; global_colors_info=&#8221;{}&#8221;]<\/p>\n<p><span>Je\u015bli ta interesuj\u0105ca praca zorientowana na us\u0142ugi <\/span><span>wydaje Ci si\u0119 atrakcyjna i widzisz w niej swoje zawodowe wyzwanie? <br \/>Czekamy na Twoj\u0105 aplikacj\u0119, najlepiej przez e-mail na adres info@fliegenderollis.com, z podaniem mo\u017cliwej daty rozpocz\u0119cia pracy.<\/span><\/p>\n<p><span>W razie pyta\u0144 prosimy o kontakt z pani\u0105 Meier pod numerem (040) 55448488.<\/span><\/p>\n<p>[\/et_pb_text][\/et_pb_column][et_pb_column type=&#8221;1_2&#8243; module_class=&#8221;vertical-align&#8221; _builder_version=&#8221;4.16&#8243; _module_preset=&#8221;default&#8221; global_colors_info=&#8221;{}&#8221;][et_pb_button button_url=&#8221;https:\/\/www.fliegenderollis.com\/kontakt\/&#8221; button_text=&#8221;Kontakt&#8221; button_alignment=&#8221;center&#8221; _builder_version=&#8221;4.16&#8243; _module_preset=&#8221;default&#8221; custom_button=&#8221;on&#8221; button_text_size=&#8221;30px&#8221; button_bg_color=&#8221;#731F1F&#8221; custom_margin_tablet=&#8221;10%||||false|false&#8221; custom_margin_phone=&#8221;&#8221; custom_margin_last_edited=&#8221;on|tablet&#8221; global_colors_info=&#8221;{}&#8221;][\/et_pb_button][\/et_pb_column][\/et_pb_row][\/et_pb_section]<\/p>\n","protected":false},"excerpt":{"rendered":"<p>By\u0107 mobilnym &#8211; by\u0107 obecnymOferty pracyW celu wzmocnienia naszego zespo\u0142u poszukujemy kierowc\u00f3w do transportu os\u00f3b niepe\u0142nosprawnych i pe\u0142nosprawnych w Hamburgu i okolicach. Zatrudnienie na sta\u0142ew pe\u0142nym wymiarze, niepe\u0142nym wymiarze lub wed\u0142ug uzgodnie\u0144 Tw\u00f3j obszar dzia\u0142ania: Jednym z naszych pojazd\u00f3w (do 8 os\u00f3b) b\u0119dziesz realizowa\u0107 ustalone trasy. B\u0119dziesz pracowa\u0107 w transporcie os\u00f3b niepe\u0142nosprawnych oraz w niemedycznym [&hellip;]<\/p>\n","protected":false},"author":1,"featured_media":0,"parent":0,"menu_order":0,"comment_status":"closed","ping_status":"closed","template":"","meta":{"_et_pb_use_builder":"on","_et_pb_old_content":"","_et_gb_content_width":"","footnotes":""},"class_list":["post-1041","page","type-page","status-publish","hentry"],"_links":{"self":[{"href":"https:\/\/www.fliegenderollis.com\/pl\/wp-json\/wp\/v2\/pages\/1041","targetHints":{"allow":["GET"]}}],"collection":[{"href":"https:\/\/www.fliegenderollis.com\/pl\/wp-json\/wp\/v2\/pages"}],"about":[{"href":"https:\/\/www.fliegenderollis.com\/pl\/wp-json\/wp\/v2\/types\/page"}],"author":[{"embeddable":true,"href":"https:\/\/www.fliegenderollis.com\/pl\/wp-json\/wp\/v2\/users\/1"}],"replies":[{"embeddable":true,"href":"https:\/\/www.fliegenderollis.com\/pl\/wp-json\/wp\/v2\/comments?post=1041"}],"version-history":[{"count":2,"href":"https:\/\/www.fliegenderollis.com\/pl\/wp-json\/wp\/v2\/pages\/1041\/revisions"}],"predecessor-version":[{"id":1043,"href":"https:\/\/www.fliegenderollis.com\/pl\/wp-json\/wp\/v2\/pages\/1041\/revisions\/1043"}],"wp:attachment":[{"href":"https:\/\/www.fliegenderollis.com\/pl\/wp-json\/wp\/v2\/media?parent=1041"}],"curies":[{"name":"wp","href":"https:\/\/api.w.org\/{rel}","templated":true}]}}