{"id":1050,"date":"2021-09-16T12:02:48","date_gmt":"2021-09-16T10:02:48","guid":{"rendered":"https:\/\/www.fliegenderollis.com\/o-nas\/"},"modified":"2025-09-10T11:10:34","modified_gmt":"2025-09-10T09:10:34","slug":"o-nas","status":"publish","type":"page","link":"https:\/\/www.fliegenderollis.com\/pl\/o-nas\/","title":{"rendered":"O nas"},"content":{"rendered":"<p>[et_pb_section fb_built=&#8221;1&#8243; _builder_version=&#8221;4.16&#8243; background_enable_image=&#8221;off&#8221; custom_padding=&#8221;0px||0px||false|false&#8221; bottom_divider_style=&#8221;wave2&#8243; bottom_divider_color=&#8221;#FFFFFF&#8221; bottom_divider_arrangement=&#8221;above_content&#8221; locked=&#8221;off&#8221; global_colors_info=&#8221;{}&#8221;][et_pb_row _builder_version=&#8221;4.16&#8243; width=&#8221;100%&#8221; max_width=&#8221;100%&#8221; custom_padding=&#8221;0px||0px||false|false&#8221; global_colors_info=&#8221;{}&#8221;][et_pb_column type=&#8221;4_4&#8243; _builder_version=&#8221;4.16&#8243; custom_padding=&#8221;|||&#8221; global_colors_info=&#8221;{}&#8221; custom_padding__hover=&#8221;|||&#8221;][et_pb_slider _builder_version=&#8221;4.23.4&#8243; _module_preset=&#8221;default&#8221; auto=&#8221;on&#8221; global_colors_info=&#8221;{}&#8221;][et_pb_slide heading=&#8221;Flying Rollis &#8211; Agnieszka Meier e.K.&#8221; use_bg_overlay=&#8221;on&#8221; use_text_overlay=&#8221;off&#8221; _builder_version=&#8221;4.23.4&#8243; _module_preset=&#8221;default&#8221; header_font=&#8221;|600|||||||&#8221; background_color=&#8221;rgba(12,12,12,0.1)&#8221; background_enable_color=&#8221;on&#8221; background_image=&#8221;https:\/\/www.fliegenderollis.com\/wp-content\/uploads\/WhatsApp-Image-2022-06-24-at-10.14.48.jpeg&#8221; background_enable_image=&#8221;on&#8221; background_blend=&#8221;darken&#8221; header_text_shadow_style=&#8221;preset1&#8243; body_text_shadow_style=&#8221;preset1&#8243; global_colors_info=&#8221;{}&#8221; sticky_transition=&#8221;on&#8221;]<\/p>\n<h2><em><strong><span>B\u0105d\u017a mobilny &#8211; b\u0105d\u017a tam<\/span><\/strong><\/em><\/h2>\n<p>[\/et_pb_slide][\/et_pb_slider][\/et_pb_column][\/et_pb_row][\/et_pb_section][et_pb_section fb_built=&#8221;1&#8243; _builder_version=&#8221;4.16&#8243; _module_preset=&#8221;default&#8221; global_colors_info=&#8221;{}&#8221;][et_pb_row _builder_version=&#8221;4.16&#8243; _module_preset=&#8221;default&#8221; global_colors_info=&#8221;{}&#8221;][et_pb_column type=&#8221;4_4&#8243; _builder_version=&#8221;4.16&#8243; _module_preset=&#8221;default&#8221; global_colors_info=&#8221;{}&#8221;][et_pb_text _builder_version=&#8221;4.16&#8243; _module_preset=&#8221;default&#8221; header_font=&#8221;|600|||||||&#8221; header_text_color=&#8221;#731F1F&#8221; header_font_size=&#8221;45px&#8221; border_width_bottom=&#8221;3px&#8221; border_color_bottom=&#8221;#731F1F&#8221; global_colors_info=&#8221;{}&#8221;]<\/p>\n<h1>O nas<\/h1>\n<p>[\/et_pb_text][\/et_pb_column][\/et_pb_row][et_pb_row column_structure=&#8221;1_2,1_2&#8243; make_equal=&#8221;on&#8221; _builder_version=&#8221;4.16&#8243; _module_preset=&#8221;default&#8221; global_colors_info=&#8221;{}&#8221;][et_pb_column type=&#8221;1_2&#8243; _builder_version=&#8221;4.16&#8243; _module_preset=&#8221;default&#8221; global_colors_info=&#8221;{}&#8221;][et_pb_image src=&#8221;https:\/\/www.fliegenderollis.com\/wp-content\/uploads\/agnieszka_02_02_2011_4_85.jpg&#8221; alt=&#8221;W\u0142a\u015bcicielka zdj\u0119cia Agnieszka Meier na w\u00f3zku inwalidzkim&#8221; title_text=&#8221;W\u0142a\u015bcicielka Agnieszka Meier na w\u00f3zku inwalidzkim&#8221; _builder_version=&#8221;4.23.4&#8243; _module_preset=&#8221;default&#8221; global_colors_info=&#8221;{}&#8221;][\/et_pb_image][et_pb_text _builder_version=&#8221;4.16&#8243; _module_preset=&#8221;default&#8221; text_text_color=&#8221;#F5D736&#8243; text_font_size=&#8221;20px&#8221; background_color=&#8221;#731F1F&#8221; width=&#8221;21%&#8221; width_tablet=&#8221;&#8221; width_phone=&#8221;40%&#8221; width_last_edited=&#8221;on|phone&#8221; module_alignment=&#8221;left&#8221; custom_padding=&#8221;1%||1%|3%|true|false&#8221; global_colors_info=&#8221;{}&#8221;]<\/p>\n<p><em><strong>Agnieszka<\/strong><\/em><\/p>\n<p>[\/et_pb_text][\/et_pb_column][et_pb_column type=&#8221;1_2&#8243; module_class=&#8221;vertical-align&#8221; _builder_version=&#8221;4.16&#8243; _module_preset=&#8221;default&#8221; global_colors_info=&#8221;{}&#8221;][et_pb_text _builder_version=&#8221;4.23.4&#8243; _module_preset=&#8221;default&#8221; text_text_color=&#8221;#000000&#8243; text_font_size=&#8221;20px&#8221; custom_margin_tablet=&#8221;10%||||false|false&#8221; custom_margin_phone=&#8221;&#8221; custom_margin_last_edited=&#8221;on|tablet&#8221; global_colors_info=&#8221;{}&#8221;]<\/p>\n<p><span>Chcia\u0142bym zaoferowa\u0107 osobom <strong>niepe\u0142nosprawnym i pe\u0142nosprawnym<\/strong> mo\u017cliwo\u015b\u0107 pracy w mojej firmie:<\/span><\/p>\n<p>&#8211; mie\u0107 prac\u0119<br \/>&#8211; sprawdza\u0107 si\u0119 w niej<br \/>&#8211; realizowa\u0107 w\u0142asne marzenia, a tym samym<br \/>&#8211; prowadzi\u0107 pe\u0142ne \u017cycie w naszym spo\u0142ecze\u0144stwie.<\/p>\n<p><span><br \/>D<\/span><span>Rezultatem jest przyjazny zesp\u00f3\u0142.<\/span><\/p>\n<p>[\/et_pb_text][et_pb_text _builder_version=&#8221;4.23.4&#8243; _module_preset=&#8221;default&#8221; text_text_color=&#8221;#000000&#8243; text_font_size=&#8221;20px&#8221; custom_margin=&#8221;10%||||false|false&#8221; hover_enabled=&#8221;0&#8243; global_colors_info=&#8221;{}&#8221; sticky_enabled=&#8221;0&#8243;]<\/p>\n<p><strong>Nasz zesp\u00f3\u0142:<br \/><\/strong><em>\u0141ukasz, Dariusz, Mario, Danilo, Dejvid, Martin, Thomas, Faruk, Mehmet<\/em><strong><br \/><\/strong><\/p>\n<p>[\/et_pb_text][\/et_pb_column][\/et_pb_row][\/et_pb_section]<\/p>\n","protected":false},"excerpt":{"rendered":"<p>B\u0105d\u017a mobilny &#8211; b\u0105d\u017a tamO nasAgnieszkaChcia\u0142bym zaoferowa\u0107 osobom niepe\u0142nosprawnym i pe\u0142nosprawnym mo\u017cliwo\u015b\u0107 pracy w mojej firmie: &#8211; mie\u0107 prac\u0119- sprawdza\u0107 si\u0119 w niej- realizowa\u0107 w\u0142asne marzenia, a tym samym- prowadzi\u0107 pe\u0142ne \u017cycie w naszym spo\u0142ecze\u0144stwie. DRezultatem jest przyjazny zesp\u00f3\u0142.Nasz zesp\u00f3\u0142:\u0141ukasz, Dariusz, Mario, Danilo, Dejvid, Martin, Thomas, Faruk, Mehmet<\/p>\n","protected":false},"author":1,"featured_media":0,"parent":0,"menu_order":0,"comment_status":"closed","ping_status":"closed","template":"","meta":{"_et_pb_use_builder":"on","_et_pb_old_content":"","_et_gb_content_width":"","footnotes":""},"class_list":["post-1050","page","type-page","status-publish","hentry"],"_links":{"self":[{"href":"https:\/\/www.fliegenderollis.com\/pl\/wp-json\/wp\/v2\/pages\/1050","targetHints":{"allow":["GET"]}}],"collection":[{"href":"https:\/\/www.fliegenderollis.com\/pl\/wp-json\/wp\/v2\/pages"}],"about":[{"href":"https:\/\/www.fliegenderollis.com\/pl\/wp-json\/wp\/v2\/types\/page"}],"author":[{"embeddable":true,"href":"https:\/\/www.fliegenderollis.com\/pl\/wp-json\/wp\/v2\/users\/1"}],"replies":[{"embeddable":true,"href":"https:\/\/www.fliegenderollis.com\/pl\/wp-json\/wp\/v2\/comments?post=1050"}],"version-history":[{"count":2,"href":"https:\/\/www.fliegenderollis.com\/pl\/wp-json\/wp\/v2\/pages\/1050\/revisions"}],"predecessor-version":[{"id":1052,"href":"https:\/\/www.fliegenderollis.com\/pl\/wp-json\/wp\/v2\/pages\/1050\/revisions\/1052"}],"wp:attachment":[{"href":"https:\/\/www.fliegenderollis.com\/pl\/wp-json\/wp\/v2\/media?parent=1050"}],"curies":[{"name":"wp","href":"https:\/\/api.w.org\/{rel}","templated":true}]}}